{"id":32,"date":"2017-04-30T14:24:17","date_gmt":"2017-04-30T14:24:17","guid":{"rendered":"http:\/\/schlu.de\/?page_id=32"},"modified":"2017-06-05T17:51:49","modified_gmt":"2017-06-05T15:51:49","slug":"kommunalpolitik","status":"publish","type":"page","link":"https:\/\/schlu.de\/?page_id=32","title":{"rendered":"Kommunalpolitik"},"content":{"rendered":"<p>In Arbeit: Hier berichte ich \u00fcber meine kommunalpolitischen Aktivit\u00e4ten.<\/p>\n<p>Das betrifft insbesondere meine T\u00e4tigkeiten als Gemeinderat und als Vorsitzender der <a href=\"http:\/\/www.cdu-jestetten.de\" target=\"_blank\" rel=\"noopener noreferrer\">CDU Jestetten<\/a>.<\/p>\n","protected":false},"excerpt":{"rendered":"<div class=\"mh-excerpt\"><p>In Arbeit: Hier berichte ich \u00fcber meine kommunalpolitischen Aktivit\u00e4ten. Das betrifft insbesondere meine T\u00e4tigkeiten als Gemeinderat und als Vorsitzender der CDU Jestetten.<\/p>\n<\/div>","protected":false},"author":1,"featured_media":0,"parent":0,"menu_order":0,"comment_status":"closed","ping_status":"closed","template":"","meta":{"footnotes":""},"class_list":["post-32","page","type-page","status-publish","hentry"],"_links":{"self":[{"href":"https:\/\/schlu.de\/index.php?rest_route=\/wp\/v2\/pages\/32","targetHints":{"allow":["GET"]}}],"collection":[{"href":"https:\/\/schlu.de\/index.php?rest_route=\/wp\/v2\/pages"}],"about":[{"href":"https:\/\/schlu.de\/index.php?rest_route=\/wp\/v2\/types\/page"}],"author":[{"embeddable":true,"href":"https:\/\/schlu.de\/index.php?rest_route=\/wp\/v2\/users\/1"}],"replies":[{"embeddable":true,"href":"https:\/\/schlu.de\/index.php?rest_route=%2Fwp%2Fv2%2Fcomments&post=32"}],"version-history":[{"count":2,"href":"https:\/\/schlu.de\/index.php?rest_route=\/wp\/v2\/pages\/32\/revisions"}],"predecessor-version":[{"id":219,"href":"https:\/\/schlu.de\/index.php?rest_route=\/wp\/v2\/pages\/32\/revisions\/219"}],"wp:attachment":[{"href":"https:\/\/schlu.de\/index.php?rest_route=%2Fwp%2Fv2%2Fmedia&parent=32"}],"curies":[{"name":"wp","href":"https:\/\/api.w.org\/{rel}","templated":true}]}}